{"id":807,"date":"2024-02-08T18:20:36","date_gmt":"2024-02-08T18:20:36","guid":{"rendered":"https:\/\/limavanzeller.pt\/?page_id=807"},"modified":"2025-11-23T21:41:00","modified_gmt":"2025-11-23T21:41:00","slug":"o-apoio-a-descarbonizacao","status":"publish","type":"page","link":"https:\/\/limavanzeller.pt\/en\/o-apoio-a-descarbonizacao\/","title":{"rendered":"O Apoio \u00e0 Descarboniza\u00e7\u00e3o"},"content":{"rendered":"\n\n<\/p>\r\n<div>\u00a0\r\n<div>\r\n<div>\r\n<div>\r\n<div>\r\n<div>\r\n<div>\r\n<div>\u00a0<\/div>\r\n<\/div>\r\n<\/div>\r\n<\/div>\r\n<\/div>\r\n<\/div>\r\n<\/div>\r\n<\/div>\r\n<p>\n\n\n\n\n<\/p>\r\n<h2>Apoio \u00e0 Descarboniza\u00e7\u00e3o da Ind\u00fastria<\/h2>\r\n<p>\n\n\n\n\n<a style=\"background-color: #ffffff; font-style: normal; font-variant-ligatures: normal; font-variant-caps: normal; font-weight: 400; font-size: 15px; font-family: Cabin;\" href=\"https:\/\/limavanzeller.pt\/wp-content\/uploads\/2025\/11\/2.2.-Ficha-de-Projeto_DI.pdf\" target=\"_blank\" rel=\"noopener\">Descarga o pdf aqui.<\/a>\u00a0\n\n\n\n\n\n\n\n\n\n<\/p>\r\n<p>\u00a0<b>C\u00f3digo do projeto<\/b>\u00a0| 4991\u00a0<\/p>\r\n<p>\u00a0<b>Entidade Benefici\u00e1ria<\/b>\u00a0| Lima Vanzeler &amp; Leal, Lda.\u00a0<\/p>\r\n<p>\u00a0<b>Descri\u00e7\u00e3o\u00a0<\/b>| O Apoio \u00e0 Descarboniza\u00e7\u00e3o da Ind\u00fastria (Modalidade A) visa alavancar a descarboniza\u00e7\u00e3o do setor industrial e empresarial, promover uma mudan\u00e7a de paradigma na utiliza\u00e7\u00e3o dos recursos e contribuir para acelerar a transi\u00e7\u00e3o para uma economia neutra em carbono.\u00a0<\/p>\r\n<p>\u00a0<b>Data de in\u00edcio<\/b>\u00a0| 2023-02-20\u00a0<\/p>\r\n<p><b>\u00a0Data de conclus\u00e3o<\/b>\u00a0| 2024-08-19\u00a0<\/p>\r\n<p>\u00a0<b>Despesa eleg\u00edvel<\/b>\u00a0| 103.962,26 Euros\u00a0<\/p>\r\n<p>\u00a0<b>Apoio financeiro<\/b>\u00a0| 77.971,70 Euros\u00a0<\/p>\r\n<p>\u00a0<b>Objetivos, atividades e resultados esperados\/atingidos<\/b>\u00a0| O presente projeto tem como objetivo reduzir de forma significativa os consumos energ\u00e9ticos da Lima Vanzeller atrav\u00e9s da instala\u00e7\u00e3o de uma UPAC e do investimento num Gerador de Vapor a Biomassa, contribuindo desta forma para a sustentabilidade da Empresa em termos sociais e tamb\u00e9m econ\u00f3micos. Com a implementa\u00e7\u00e3o deste projeto, a Empresa estima conseguir uma redu\u00e7\u00e3o das emiss\u00f5es de gases com efeito de estufa em cerca de 40% face ao valor registado em 2021.<\/p>\r\n<p>\n\n\n\n\n\n\n\n\n\n\n\n\n","protected":false},"excerpt":{"rendered":"","protected":false},"author":1,"featured_media":0,"parent":0,"menu_order":0,"comment_status":"closed","ping_status":"closed","template":"","meta":[],"translation":{"provider":"WPGlobus","version":"2.7.3","language":"en","enabled_languages":["pt","en"],"languages":{"pt":{"title":true,"content":true,"excerpt":false},"en":{"title":false,"content":false,"excerpt":false}}},"_links":{"self":[{"href":"https:\/\/limavanzeller.pt\/en\/wp-json\/wp\/v2\/pages\/807"}],"collection":[{"href":"https:\/\/limavanzeller.pt\/en\/wp-json\/wp\/v2\/pages"}],"about":[{"href":"https:\/\/limavanzeller.pt\/en\/wp-json\/wp\/v2\/types\/page"}],"author":[{"embeddable":true,"href":"https:\/\/limavanzeller.pt\/en\/wp-json\/wp\/v2\/users\/1"}],"replies":[{"embeddable":true,"href":"https:\/\/limavanzeller.pt\/en\/wp-json\/wp\/v2\/comments?post=807"}],"version-history":[{"count":11,"href":"https:\/\/limavanzeller.pt\/en\/wp-json\/wp\/v2\/pages\/807\/revisions"}],"predecessor-version":[{"id":839,"href":"https:\/\/limavanzeller.pt\/en\/wp-json\/wp\/v2\/pages\/807\/revisions\/839"}],"wp:attachment":[{"href":"https:\/\/limavanzeller.pt\/en\/wp-json\/wp\/v2\/media?parent=807"}],"curies":[{"name":"wp","href":"https:\/\/api.w.org\/{rel}","templated":true}]}}